{"id":5591,"date":"2023-02-06T16:46:06","date_gmt":"2023-02-06T14:46:06","guid":{"rendered":"https:\/\/www.globewilliams.com\/karijera\/"},"modified":"2024-12-02T09:51:55","modified_gmt":"2024-12-02T07:51:55","slug":"karijera","status":"publish","type":"page","link":"https:\/\/www.globewilliams.com\/sr\/karijera\/","title":{"rendered":"Karijere"},"content":{"rendered":"\t\t<div data-elementor-type=\"wp-page\" data-elementor-id=\"5591\" class=\"elementor elementor-5591 elementor-26\" data-elementor-post-type=\"page\">\n\t\t\t\t\t\t<section class=\"elementor-section elementor-top-section elementor-element elementor-element-90a50fe elementor-section-full_width elementor-section-height-default elementor-section-height-default\" data-id=\"90a50fe\" data-element_type=\"section\">\n\t\t\t\t\t\t<div class=\"elementor-container elementor-column-gap-no\">\n\t\t\t\t\t<div class=\"elementor-column elementor-col-100 elementor-top-column elementor-element elementor-element-5893db3\" data-id=\"5893db3\" data-element_type=\"column\">\n\t\t\t<div class=\"elementor-widget-wrap elementor-element-populated\">\n\t\t\t\t\t\t<div class=\"elementor-element elementor-element-ba519ce elementor-widget elementor-widget-image\" data-id=\"ba519ce\" data-element_type=\"widget\" data-widget_type=\"image.default\">\n\t\t\t\t<div class=\"elementor-widget-container\">\n\t\t\t\t\t\t\t\t\t\t\t\t\t\t\t<img fetchpriority=\"high\" decoding=\"async\" width=\"1920\" height=\"681\" src=\"https:\/\/www.globewilliams.com\/wp-content\/uploads\/2023\/02\/Careers.jpg\" class=\"attachment-full size-full wp-image-4884\" alt=\"\" srcset=\"https:\/\/www.globewilliams.com\/wp-content\/uploads\/2023\/02\/Careers.jpg 1920w, https:\/\/www.globewilliams.com\/wp-content\/uploads\/2023\/02\/Careers-300x106.jpg 300w, https:\/\/www.globewilliams.com\/wp-content\/uploads\/2023\/02\/Careers-1024x363.jpg 1024w, https:\/\/www.globewilliams.com\/wp-content\/uploads\/2023\/02\/Careers-768x272.jpg 768w, https:\/\/www.globewilliams.com\/wp-content\/uploads\/2023\/02\/Careers-1536x545.jpg 1536w\" sizes=\"(max-width: 1920px) 100vw, 1920px\" \/>\t\t\t\t\t\t\t\t\t\t\t\t\t\t\t<\/div>\n\t\t\t\t<\/div>\n\t\t\t\t\t<\/div>\n\t\t<\/div>\n\t\t\t\t\t<\/div>\n\t\t<\/section>\n\t\t\t\t<section class=\"elementor-section elementor-top-section elementor-element elementor-element-9559547 elementor-section-boxed elementor-section-height-default elementor-section-height-default\" data-id=\"9559547\" data-element_type=\"section\" data-settings=\"{&quot;background_background&quot;:&quot;classic&quot;}\">\n\t\t\t\t\t\t<div class=\"elementor-container elementor-column-gap-default\">\n\t\t\t\t\t<div class=\"elementor-column elementor-col-100 elementor-top-column elementor-element elementor-element-3fbc632\" data-id=\"3fbc632\" data-element_type=\"column\">\n\t\t\t<div class=\"elementor-widget-wrap elementor-element-populated\">\n\t\t\t\t\t\t<section class=\"elementor-section elementor-inner-section elementor-element elementor-element-bfea8c2 elementor-section-boxed elementor-section-height-default elementor-section-height-default\" data-id=\"bfea8c2\" data-element_type=\"section\">\n\t\t\t\t\t\t<div class=\"elementor-container elementor-column-gap-default\">\n\t\t\t\t\t<div class=\"elementor-column elementor-col-100 elementor-inner-column elementor-element elementor-element-1a90b13\" data-id=\"1a90b13\" data-element_type=\"column\">\n\t\t\t<div class=\"elementor-widget-wrap elementor-element-populated\">\n\t\t\t\t\t\t<div class=\"elementor-element elementor-element-faf220b elementor-view-default elementor-position-top elementor-mobile-position-top elementor-widget elementor-widget-icon-box\" data-id=\"faf220b\" data-element_type=\"widget\" data-widget_type=\"icon-box.default\">\n\t\t\t\t<div class=\"elementor-widget-container\">\n\t\t\t\t\t\t\t<div class=\"elementor-icon-box-wrapper\">\n\n\t\t\t\t\t\t<div class=\"elementor-icon-box-icon\">\n\t\t\t\t<span  class=\"elementor-icon\">\n\t\t\t\t<svg xmlns=\"http:\/\/www.w3.org\/2000\/svg\" width=\"1\" height=\"30\" viewBox=\"0 0 1 30\"><rect width=\"1\" height=\"30\"><\/rect><\/svg>\t\t\t\t<\/span>\n\t\t\t<\/div>\n\t\t\t\n\t\t\t\t\t\t<div class=\"elementor-icon-box-content\">\n\n\t\t\t\t\t\t\t\t\t<h5 class=\"elementor-icon-box-title\">\n\t\t\t\t\t\t<span  >\n\t\t\t\t\t\t\tKARIJERE\t\t\t\t\t\t<\/span>\n\t\t\t\t\t<\/h5>\n\t\t\t\t\n\t\t\t\t\t\t\t\t\t<p class=\"elementor-icon-box-description\">\n\t\t\t\t\t\t<span class=\"nunito\">Prona\u0111i <\/span><span class=\"blueText\">posao<\/span> <span class=\"nunito\">u svojoj zemlji<\/span> \n\n\n\t\t\t\t\t<\/p>\n\t\t\t\t\n\t\t\t<\/div>\n\t\t\t\n\t\t<\/div>\n\t\t\t\t\t\t<\/div>\n\t\t\t\t<\/div>\n\t\t\t\t<div class=\"elementor-element elementor-element-11db15e blueTextBold elementor-widget elementor-widget-text-editor\" data-id=\"11db15e\" data-element_type=\"widget\" data-widget_type=\"text-editor.default\">\n\t\t\t\t<div class=\"elementor-widget-container\">\n\t\t\t\t\t\t\t\t\t<div>Pogledaj sve poslove u Globe Williams<br \/>i <b>po\u0161alji nam svoju prijavu!<\/b><\/div>\n\t\t\t\t\t\t\t\t<\/div>\n\t\t\t\t<\/div>\n\t\t\t\t\t<\/div>\n\t\t<\/div>\n\t\t\t\t\t<\/div>\n\t\t<\/section>\n\t\t\t\t<section class=\"elementor-section elementor-inner-section elementor-element elementor-element-ec499e4 elementor-section-boxed elementor-section-height-default elementor-section-height-default\" data-id=\"ec499e4\" data-element_type=\"section\">\n\t\t\t\t\t\t<div class=\"elementor-container elementor-column-gap-default\">\n\t\t\t\t\t<div class=\"elementor-column elementor-col-100 elementor-inner-column elementor-element elementor-element-f2da963\" data-id=\"f2da963\" data-element_type=\"column\">\n\t\t\t<div class=\"elementor-widget-wrap elementor-element-populated\">\n\t\t\t\t\t\t<div class=\"elementor-element elementor-element-53182b0 elementor-widget elementor-widget-heading\" data-id=\"53182b0\" data-element_type=\"widget\" data-widget_type=\"heading.default\">\n\t\t\t\t<div class=\"elementor-widget-container\">\n\t\t\t\t\t<h4 class=\"elementor-heading-title elementor-size-default\">Vrednosti &amp; Kultura<\/h4>\t\t\t\t<\/div>\n\t\t\t\t<\/div>\n\t\t\t\t<div class=\"elementor-element elementor-element-f145290 blueTextBold elementor-widget elementor-widget-text-editor\" data-id=\"f145290\" data-element_type=\"widget\" data-widget_type=\"text-editor.default\">\n\t\t\t\t<div class=\"elementor-widget-container\">\n\t\t\t\t\t\t\t\t\t<p>Softver nema vrednosti. Kancelarijski prostori nemaju ciljeve. Ma\u0161ine ne poseduju etiku. Ljudi imaju. Stoga, organizacija koja \u017eeli ova tri elemnta kao deo svog korporativnog DNK uvek treba da se oslanja na svoje ljude. <strong>Globe Villiams<\/strong> je institucija usredsre\u0111ena na ljude I zasnovana na ljudima ,sa me\u0111unarodnim prisustvom i multikulturalnim pristupom. Termini kao \u0161to su \u201eraznolikost\u201c, \u201einkluzivnost\u201c i \u201eindividualnost\u201c nisu samo fensi \u017eargoni koji \u010dine da korporativni pamflet izgleda \u201eu sada\u0161njem trenutku\u201c, vec\u0301 je zna\u010dajan deo na\u0161eg modusa operandi. Poru\u010dujemo lokalnom osoblju da neguje sna\u017enu zajednicu. Stvaramo moguc\u0301nosti za svakog zaposlenog da radi gde god da je <strong>Globe Villiams<\/strong> prisutan. Na\u0161 posao je da se isti\u010demo spajanjem!        <\/p>\n<p>Pored toga, ne mo\u017eemo zanemariti da poslovni uspeh proizilazi iz li\u010dnog rasta. Na\u0161 pristup privla\u010di buduc\u0301e zaposlene koji su puni entuzijazma i usresre\u0111eni na pru\u017eanje servisa i kojima c\u0301e biti pru\u017eena \u0161ansa da se doka\u017eu i napreduju na tom putu.Kroz rigoroznu obuku, kompletne napredne kurseve i prakti\u010dno iskustvo, njihov entuzijazam postaje prednost koja im poma\u017ee da vrednuju Va\u0161e poslovne potrebe i isporu\u010duju visokostandardne, prilago\u0111ene usluge. Svaki projekat je prilika za ne\u0161to izvanredno. \u0160to se ti\u010de njihovog spektra specijaliteta, on je proporcionalno \u0161irok uslu\u017enim poljima <strong>Globe Villiams-a<\/strong>. Na kraju krajeva, samo raznovrsno osoblje visoko obu\u010denih i akreditovanih profesionalaca mo\u017ee zadovoljiti va\u0161e razli\u010dite potrebe.     <\/p>\n\t\t\t\t\t\t\t\t<\/div>\n\t\t\t\t<\/div>\n\t\t\t\t\t<\/div>\n\t\t<\/div>\n\t\t\t\t\t<\/div>\n\t\t<\/section>\n\t\t\t\t<div class=\"elementor-element elementor-element-5740294 elementor-grid-3 elementor-grid-tablet-2 elementor-grid-mobile-1 elementor-widget elementor-widget-loop-grid\" data-id=\"5740294\" data-element_type=\"widget\" data-settings=\"{&quot;template_id&quot;:1366,&quot;row_gap&quot;:{&quot;unit&quot;:&quot;px&quot;,&quot;size&quot;:70,&quot;sizes&quot;:[]},&quot;_skin&quot;:&quot;post&quot;,&quot;columns&quot;:&quot;3&quot;,&quot;columns_tablet&quot;:&quot;2&quot;,&quot;columns_mobile&quot;:&quot;1&quot;,&quot;edit_handle_selector&quot;:&quot;[data-elementor-type=\\&quot;loop-item\\&quot;]&quot;,&quot;row_gap_tablet&quot;:{&quot;unit&quot;:&quot;px&quot;,&quot;size&quot;:&quot;&quot;,&quot;sizes&quot;:[]},&quot;row_gap_mobile&quot;:{&quot;unit&quot;:&quot;px&quot;,&quot;size&quot;:&quot;&quot;,&quot;sizes&quot;:[]}}\" data-widget_type=\"loop-grid.post\">\n\t\t\t\t<div class=\"elementor-widget-container\">\n\t\t\t\t\t\t\t<div class=\"e-loop-nothing-found-message\">\n\t\t<\/div>\n\t\t\t\t\t\t<\/div>\n\t\t\t\t<\/div>\n\t\t\t\t\t<\/div>\n\t\t<\/div>\n\t\t\t\t\t<\/div>\n\t\t<\/section>\n\t\t\t\t<\/div>\n\t\t","protected":false},"excerpt":{"rendered":"<p>KARIJERE Prona\u0111i posao u svojoj zemlji Pogledaj sve poslove u Globe Williamsi po\u0161alji nam svoju prijavu! Vrednosti &amp; Kultura Softver nema vrednosti. Kancelarijski prostori nemaju ciljeve. Ma\u0161ine ne poseduju etiku. Ljudi imaju. Stoga, organizacija koja \u017eeli ova tri elemnta kao deo svog korporativnog DNK uvek treba da se oslanja na svoje ljude. Globe Villiams je [&hellip;]<\/p>\n","protected":false},"author":1,"featured_media":4884,"parent":0,"menu_order":0,"comment_status":"closed","ping_status":"closed","template":"","meta":{"_acf_changed":false,"footnotes":""},"class_list":["post-5591","page","type-page","status-publish","has-post-thumbnail","hentry"],"acf":[],"yoast_head":"<!-- This site is optimized with the Yoast SEO plugin v26.7 - https:\/\/yoast.com\/wordpress\/plugins\/seo\/ -->\n<title>Karijere | Globe Williams<\/title>\n<meta name=\"description\" content=\"KARIJERE Prona\u0111i posao u svojoj zemlji Pogledaj sve poslove u Globe Williamsi po\u0161alji nam svoju prijavu! Vrednosti &amp; Kultura Softver nema vrednosti.\" \/>\n<meta name=\"robots\" content=\"index, follow, max-snippet:-1, max-image-preview:large, max-video-preview:-1\" \/>\n<link rel=\"canonical\" href=\"https:\/\/www.globewilliams.com\/sr\/karijera\/\" \/>\n<meta property=\"og:locale\" content=\"sr_RS\" \/>\n<meta property=\"og:type\" content=\"article\" \/>\n<meta property=\"og:title\" content=\"Karijere | Globe Williams\" \/>\n<meta property=\"og:description\" content=\"KARIJERE Prona\u0111i posao u svojoj zemlji Pogledaj sve poslove u Globe Williamsi po\u0161alji nam svoju prijavu! Vrednosti &amp; Kultura Softver nema vrednosti.\" \/>\n<meta property=\"og:url\" content=\"https:\/\/www.globewilliams.com\/sr\/karijera\/\" \/>\n<meta property=\"og:site_name\" content=\"Globe Williams\" \/>\n<meta property=\"article:publisher\" content=\"https:\/\/www.facebook.com\/GlobeWilliamsInternational\" \/>\n<meta property=\"article:modified_time\" content=\"2024-12-02T07:51:55+00:00\" \/>\n<meta property=\"og:image\" content=\"https:\/\/www.globewilliams.com\/wp-content\/uploads\/2023\/02\/Careers.jpg\" \/>\n\t<meta property=\"og:image:width\" content=\"1920\" \/>\n\t<meta property=\"og:image:height\" content=\"681\" \/>\n\t<meta property=\"og:image:type\" content=\"image\/jpeg\" \/>\n<meta name=\"twitter:card\" content=\"summary_large_image\" \/>\n<meta name=\"twitter:label1\" content=\"\u041f\u0440\u043e\u0446\u0435\u045a\u0435\u043d\u043e \u0432\u0440\u0435\u043c\u0435 \u0447\u0438\u0442\u0430\u045a\u0430\" \/>\n\t<meta name=\"twitter:data1\" content=\"1 \u043c\u0438\u043d\u0443\u0442\" \/>\n<script type=\"application\/ld+json\" class=\"yoast-schema-graph\">{\"@context\":\"https:\/\/schema.org\",\"@graph\":[{\"@type\":\"WebPage\",\"@id\":\"https:\/\/www.globewilliams.com\/sr\/karijera\/\",\"url\":\"https:\/\/www.globewilliams.com\/sr\/karijera\/\",\"name\":\"Karijere | Globe Williams\",\"isPartOf\":{\"@id\":\"https:\/\/www.globewilliams.com\/sr\/#website\"},\"primaryImageOfPage\":{\"@id\":\"https:\/\/www.globewilliams.com\/sr\/karijera\/#primaryimage\"},\"image\":{\"@id\":\"https:\/\/www.globewilliams.com\/sr\/karijera\/#primaryimage\"},\"thumbnailUrl\":\"https:\/\/www.globewilliams.com\/wp-content\/uploads\/2023\/02\/Careers.jpg\",\"datePublished\":\"2023-02-06T14:46:06+00:00\",\"dateModified\":\"2024-12-02T07:51:55+00:00\",\"description\":\"KARIJERE Prona\u0111i posao u svojoj zemlji Pogledaj sve poslove u Globe Williamsi po\u0161alji nam svoju prijavu! Vrednosti &amp; Kultura Softver nema vrednosti.\",\"breadcrumb\":{\"@id\":\"https:\/\/www.globewilliams.com\/sr\/karijera\/#breadcrumb\"},\"inLanguage\":\"sr-RS\",\"potentialAction\":[{\"@type\":\"ReadAction\",\"target\":[\"https:\/\/www.globewilliams.com\/sr\/karijera\/\"]}]},{\"@type\":\"ImageObject\",\"inLanguage\":\"sr-RS\",\"@id\":\"https:\/\/www.globewilliams.com\/sr\/karijera\/#primaryimage\",\"url\":\"https:\/\/www.globewilliams.com\/wp-content\/uploads\/2023\/02\/Careers.jpg\",\"contentUrl\":\"https:\/\/www.globewilliams.com\/wp-content\/uploads\/2023\/02\/Careers.jpg\",\"width\":1920,\"height\":681},{\"@type\":\"BreadcrumbList\",\"@id\":\"https:\/\/www.globewilliams.com\/sr\/karijera\/#breadcrumb\",\"itemListElement\":[{\"@type\":\"ListItem\",\"position\":1,\"name\":\"Kuca\",\"item\":\"https:\/\/www.globewilliams.com\/sr\/\"},{\"@type\":\"ListItem\",\"position\":2,\"name\":\"Karijere\"}]},{\"@type\":\"WebSite\",\"@id\":\"https:\/\/www.globewilliams.com\/sr\/#website\",\"url\":\"https:\/\/www.globewilliams.com\/sr\/\",\"name\":\"Globe Williams\",\"description\":\"TOTAL FACILITY MANAGEMENT SOLUTIONS\",\"publisher\":{\"@id\":\"https:\/\/www.globewilliams.com\/sr\/#organization\"},\"potentialAction\":[{\"@type\":\"SearchAction\",\"target\":{\"@type\":\"EntryPoint\",\"urlTemplate\":\"https:\/\/www.globewilliams.com\/sr\/?s={search_term_string}\"},\"query-input\":{\"@type\":\"PropertyValueSpecification\",\"valueRequired\":true,\"valueName\":\"search_term_string\"}}],\"inLanguage\":\"sr-RS\"},{\"@type\":\"Organization\",\"@id\":\"https:\/\/www.globewilliams.com\/sr\/#organization\",\"name\":\"Globe Wiliams\",\"url\":\"https:\/\/www.globewilliams.com\/sr\/\",\"logo\":{\"@type\":\"ImageObject\",\"inLanguage\":\"sr-RS\",\"@id\":\"https:\/\/www.globewilliams.com\/sr\/#\/schema\/logo\/image\/\",\"url\":\"https:\/\/www.globewilliams.com\/wp-content\/uploads\/2023\/02\/globe_wiliams_logo.png\",\"contentUrl\":\"https:\/\/www.globewilliams.com\/wp-content\/uploads\/2023\/02\/globe_wiliams_logo.png\",\"width\":323,\"height\":64,\"caption\":\"Globe Wiliams\"},\"image\":{\"@id\":\"https:\/\/www.globewilliams.com\/sr\/#\/schema\/logo\/image\/\"},\"sameAs\":[\"https:\/\/www.facebook.com\/GlobeWilliamsInternational\",\"https:\/\/www.linkedin.com\/company\/gwin\/mycompany\/\"]}]}<\/script>\n<!-- \/ Yoast SEO plugin. -->","yoast_head_json":{"title":"Karijere | Globe Williams","description":"KARIJERE Prona\u0111i posao u svojoj zemlji Pogledaj sve poslove u Globe Williamsi po\u0161alji nam svoju prijavu! Vrednosti &amp; Kultura Softver nema vrednosti.","robots":{"index":"index","follow":"follow","max-snippet":"max-snippet:-1","max-image-preview":"max-image-preview:large","max-video-preview":"max-video-preview:-1"},"canonical":"https:\/\/www.globewilliams.com\/sr\/karijera\/","og_locale":"sr_RS","og_type":"article","og_title":"Karijere | Globe Williams","og_description":"KARIJERE Prona\u0111i posao u svojoj zemlji Pogledaj sve poslove u Globe Williamsi po\u0161alji nam svoju prijavu! Vrednosti &amp; Kultura Softver nema vrednosti.","og_url":"https:\/\/www.globewilliams.com\/sr\/karijera\/","og_site_name":"Globe Williams","article_publisher":"https:\/\/www.facebook.com\/GlobeWilliamsInternational","article_modified_time":"2024-12-02T07:51:55+00:00","og_image":[{"width":1920,"height":681,"url":"https:\/\/www.globewilliams.com\/wp-content\/uploads\/2023\/02\/Careers.jpg","type":"image\/jpeg"}],"twitter_card":"summary_large_image","twitter_misc":{"\u041f\u0440\u043e\u0446\u0435\u045a\u0435\u043d\u043e \u0432\u0440\u0435\u043c\u0435 \u0447\u0438\u0442\u0430\u045a\u0430":"1 \u043c\u0438\u043d\u0443\u0442"},"schema":{"@context":"https:\/\/schema.org","@graph":[{"@type":"WebPage","@id":"https:\/\/www.globewilliams.com\/sr\/karijera\/","url":"https:\/\/www.globewilliams.com\/sr\/karijera\/","name":"Karijere | Globe Williams","isPartOf":{"@id":"https:\/\/www.globewilliams.com\/sr\/#website"},"primaryImageOfPage":{"@id":"https:\/\/www.globewilliams.com\/sr\/karijera\/#primaryimage"},"image":{"@id":"https:\/\/www.globewilliams.com\/sr\/karijera\/#primaryimage"},"thumbnailUrl":"https:\/\/www.globewilliams.com\/wp-content\/uploads\/2023\/02\/Careers.jpg","datePublished":"2023-02-06T14:46:06+00:00","dateModified":"2024-12-02T07:51:55+00:00","description":"KARIJERE Prona\u0111i posao u svojoj zemlji Pogledaj sve poslove u Globe Williamsi po\u0161alji nam svoju prijavu! Vrednosti &amp; Kultura Softver nema vrednosti.","breadcrumb":{"@id":"https:\/\/www.globewilliams.com\/sr\/karijera\/#breadcrumb"},"inLanguage":"sr-RS","potentialAction":[{"@type":"ReadAction","target":["https:\/\/www.globewilliams.com\/sr\/karijera\/"]}]},{"@type":"ImageObject","inLanguage":"sr-RS","@id":"https:\/\/www.globewilliams.com\/sr\/karijera\/#primaryimage","url":"https:\/\/www.globewilliams.com\/wp-content\/uploads\/2023\/02\/Careers.jpg","contentUrl":"https:\/\/www.globewilliams.com\/wp-content\/uploads\/2023\/02\/Careers.jpg","width":1920,"height":681},{"@type":"BreadcrumbList","@id":"https:\/\/www.globewilliams.com\/sr\/karijera\/#breadcrumb","itemListElement":[{"@type":"ListItem","position":1,"name":"Kuca","item":"https:\/\/www.globewilliams.com\/sr\/"},{"@type":"ListItem","position":2,"name":"Karijere"}]},{"@type":"WebSite","@id":"https:\/\/www.globewilliams.com\/sr\/#website","url":"https:\/\/www.globewilliams.com\/sr\/","name":"Globe Williams","description":"TOTAL FACILITY MANAGEMENT SOLUTIONS","publisher":{"@id":"https:\/\/www.globewilliams.com\/sr\/#organization"},"potentialAction":[{"@type":"SearchAction","target":{"@type":"EntryPoint","urlTemplate":"https:\/\/www.globewilliams.com\/sr\/?s={search_term_string}"},"query-input":{"@type":"PropertyValueSpecification","valueRequired":true,"valueName":"search_term_string"}}],"inLanguage":"sr-RS"},{"@type":"Organization","@id":"https:\/\/www.globewilliams.com\/sr\/#organization","name":"Globe Wiliams","url":"https:\/\/www.globewilliams.com\/sr\/","logo":{"@type":"ImageObject","inLanguage":"sr-RS","@id":"https:\/\/www.globewilliams.com\/sr\/#\/schema\/logo\/image\/","url":"https:\/\/www.globewilliams.com\/wp-content\/uploads\/2023\/02\/globe_wiliams_logo.png","contentUrl":"https:\/\/www.globewilliams.com\/wp-content\/uploads\/2023\/02\/globe_wiliams_logo.png","width":323,"height":64,"caption":"Globe Wiliams"},"image":{"@id":"https:\/\/www.globewilliams.com\/sr\/#\/schema\/logo\/image\/"},"sameAs":["https:\/\/www.facebook.com\/GlobeWilliamsInternational","https:\/\/www.linkedin.com\/company\/gwin\/mycompany\/"]}]}},"_links":{"self":[{"href":"https:\/\/www.globewilliams.com\/sr\/wp-json\/wp\/v2\/pages\/5591","targetHints":{"allow":["GET"]}}],"collection":[{"href":"https:\/\/www.globewilliams.com\/sr\/wp-json\/wp\/v2\/pages"}],"about":[{"href":"https:\/\/www.globewilliams.com\/sr\/wp-json\/wp\/v2\/types\/page"}],"author":[{"embeddable":true,"href":"https:\/\/www.globewilliams.com\/sr\/wp-json\/wp\/v2\/users\/1"}],"replies":[{"embeddable":true,"href":"https:\/\/www.globewilliams.com\/sr\/wp-json\/wp\/v2\/comments?post=5591"}],"version-history":[{"count":2,"href":"https:\/\/www.globewilliams.com\/sr\/wp-json\/wp\/v2\/pages\/5591\/revisions"}],"predecessor-version":[{"id":5624,"href":"https:\/\/www.globewilliams.com\/sr\/wp-json\/wp\/v2\/pages\/5591\/revisions\/5624"}],"wp:featuredmedia":[{"embeddable":true,"href":"https:\/\/www.globewilliams.com\/sr\/wp-json\/wp\/v2\/media\/4884"}],"wp:attachment":[{"href":"https:\/\/www.globewilliams.com\/sr\/wp-json\/wp\/v2\/media?parent=5591"}],"curies":[{"name":"wp","href":"https:\/\/api.w.org\/{rel}","templated":true}]}}